{"id":14587,"date":"2024-04-14T16:42:08","date_gmt":"2024-04-14T14:42:08","guid":{"rendered":"https:\/\/modnystylista.com\/half-aprons\/"},"modified":"2025-11-10T19:33:20","modified_gmt":"2025-11-10T18:33:20","slug":"half-aprons","status":"publish","type":"page","link":"https:\/\/modnystylista.com\/en\/half-aprons\/","title":{"rendered":"Waist Aprons"},"content":{"rendered":"\t\t<div data-elementor-type=\"wp-page\" data-elementor-id=\"14587\" class=\"elementor elementor-14587 elementor-5196\" data-elementor-post-type=\"page\">\n\t\t\t\t<div class=\"elementor-element elementor-element-7c28e1a8 e-flex e-con-boxed e-con e-parent\" data-id=\"7c28e1a8\" data-element_type=\"container\">\n\t\t\t\t\t<div class=\"e-con-inner\">\n\t\t\t\t<div class=\"elementor-element elementor-element-2c0a42be elementor-widget elementor-widget-woocommerce-breadcrumb\" data-id=\"2c0a42be\" data-element_type=\"widget\" data-widget_type=\"woocommerce-breadcrumb.default\">\n\t\t\t\t<div class=\"elementor-widget-container\">\n\t\t\t<nav class=\"woocommerce-breadcrumb\" aria-label=\"Breadcrumb\">Home<\/nav>\t\t<\/div>\n\t\t\t\t<\/div>\n\t\t\t\t\t<\/div>\n\t\t\t\t<\/div>\n\t\t<div class=\"elementor-element elementor-element-2022a024 e-flex e-con-boxed e-con e-parent\" data-id=\"2022a024\" data-element_type=\"container\">\n\t\t\t\t\t<div class=\"e-con-inner\">\n\t\t\t\t<div class=\"elementor-element elementor-element-38ace2e elementor-widget elementor-widget-artemis-products\" data-id=\"38ace2e\" data-element_type=\"widget\" data-widget_type=\"artemis-products.default\">\n\t\t\t\t<div class=\"elementor-widget-container\">\n\t\t\t\t\t<div class=\"woocommerce\">\r\n\t\t\t<ul class=\"products mode-grid at_custom_prod_cols at_columns-4\">\r\n\t\t\t\t<li class=\"product type-product post-14190 status-publish first outofstock product_cat-waist-aprons product_tag-hairdressing product_tag-hairdressing-waist-apron product_tag-waist-apron product_tag-waterproof-2 has-post-thumbnail shipping-taxable purchasable product-type-simple\">\n\t<div class=\"at_product_loop_top_container\"><a href=\"https:\/\/modnystylista.com\/en\/product\/barbers-waist-apron-waterproof-black\/\" class=\"woocommerce-LoopProduct-link woocommerce-loop-product__link\"><img fetchpriority=\"high\" decoding=\"async\" width=\"800\" height=\"1080\" src=\"https:\/\/modnystylista.com\/wp-content\/uploads\/2022\/02\/20220301_161851_6225-800x1080.jpg\" class=\"attachment-woocommerce_thumbnail size-woocommerce_thumbnail\" alt=\"Waist Apron Waterproof Black\" \/><\/a><div class=\"at_product_actions_mask lc_js_link\" data-href=\"https:\/\/modnystylista.com\/en\/product\/barbers-waist-apron-waterproof-black\/\" data-atcot=\"0\"><div class=\"at_wishlist_quickview_btns\"><a href=\"#\" class=\"artemis_swp_add_to_wishlist at_first_color\" title=\"Add to wishlist\" data-wishlist-id=\"14190\"><i class=\"fa fa-heart-o\"><\/i> <span>Add to wishlist<\/span><\/a><span class=\"artemis_swp_quickview_button\"><a data-src=\"https:\/\/modnystylista.com\/wp-admin\/admin-ajax.php?action=artemis_swp_quick_view&amp;product_id=14190\" title=\"Quick View\" data-caption=\"Waist Apron Waterproof Black\" href=\"javascript:void(0)\" data-type=\"ajax\"><i class=\"fa fa-eye\"><\/i><\/a><\/span><\/div><a href=\"https:\/\/modnystylista.com\/en\/product\/barbers-waist-apron-waterproof-black\/\" aria-describedby=\"woocommerce_loop_add_to_cart_link_describedby_14190\" data-quantity=\"1\" class=\"button product_type_simple\" data-product_id=\"14190\" data-product_sku=\"MS0055\" aria-label=\"Read more about &ldquo;Waist Apron Waterproof Black&rdquo;\" rel=\"nofollow\" data-success_message=\"\">Read more<\/a>\t<span id=\"woocommerce_loop_add_to_cart_link_describedby_14190\" class=\"screen-reader-text\">\n\t\t\t<\/span>\n<\/div><\/div><a href=\"https:\/\/modnystylista.com\/en\/product\/barbers-waist-apron-waterproof-black\/\" class=\"woocommerce-LoopProduct-link woocommerce-loop-product__link\"><h2 class=\"woocommerce-loop-product__title\">Waist Apron Waterproof Black<\/h2><\/a>\n\t<span class=\"price\"><span class=\"woocommerce-Price-amount amount\"><bdi>45,00&nbsp;<span class=\"woocommerce-Price-currencySymbol\">&#122;&#322;<\/span><\/bdi><\/span><\/span>\n<\/li>\n\t\t\t\t<li class=\"product type-product post-14169 status-publish instock product_cat-personalisation product_cat-waist-aprons has-post-thumbnail shipping-taxable purchasable product-type-simple\">\n\t<div class=\"at_product_loop_top_container\"><a href=\"https:\/\/modnystylista.com\/en\/product\/print-your-name-robe\/\" class=\"woocommerce-LoopProduct-link woocommerce-loop-product__link\"><img decoding=\"async\" width=\"500\" height=\"500\" src=\"https:\/\/modnystylista.com\/wp-content\/uploads\/2021\/11\/Black-and-White-Minimalist-Professional-Initial-Logo_20241117_063223_0000.png\" class=\"attachment-woocommerce_thumbnail size-woocommerce_thumbnail\" alt=\"Name Printing Service\" srcset=\"https:\/\/modnystylista.com\/wp-content\/uploads\/2021\/11\/Black-and-White-Minimalist-Professional-Initial-Logo_20241117_063223_0000.png 500w, https:\/\/modnystylista.com\/wp-content\/uploads\/2021\/11\/Black-and-White-Minimalist-Professional-Initial-Logo_20241117_063223_0000-300x300.png 300w, https:\/\/modnystylista.com\/wp-content\/uploads\/2021\/11\/Black-and-White-Minimalist-Professional-Initial-Logo_20241117_063223_0000-150x150.png 150w\" sizes=\"(max-width: 500px) 100vw, 500px\" \/><\/a><div class=\"at_product_actions_mask lc_js_link\" data-href=\"https:\/\/modnystylista.com\/en\/product\/print-your-name-robe\/\" data-atcot=\"0\"><div class=\"at_wishlist_quickview_btns\"><a href=\"#\" class=\"artemis_swp_add_to_wishlist at_first_color\" title=\"Add to wishlist\" data-wishlist-id=\"14169\"><i class=\"fa fa-heart-o\"><\/i> <span>Add to wishlist<\/span><\/a><span class=\"artemis_swp_quickview_button\"><a data-src=\"https:\/\/modnystylista.com\/wp-admin\/admin-ajax.php?action=artemis_swp_quick_view&amp;product_id=14169\" title=\"Quick View\" data-caption=\"Name Printing Service\" href=\"javascript:void(0)\" data-type=\"ajax\"><i class=\"fa fa-eye\"><\/i><\/a><\/span><\/div><a href=\"\/en\/wp-json\/wp\/v2\/pages\/14587?add-to-cart=14169\" aria-describedby=\"woocommerce_loop_add_to_cart_link_describedby_14169\" data-quantity=\"1\" class=\"button product_type_simple add_to_cart_button ajax_add_to_cart\" data-product_id=\"14169\" data-product_sku=\"MS0048\" aria-label=\"Add to cart: &ldquo;Name Printing Service&rdquo;\" rel=\"nofollow\" data-success_message=\"&ldquo;Name Printing Service&rdquo; has been added to your cart\">Add to cart<\/a>\t<span id=\"woocommerce_loop_add_to_cart_link_describedby_14169\" class=\"screen-reader-text\">\n\t\t\t<\/span>\n<\/div><\/div><a href=\"https:\/\/modnystylista.com\/en\/product\/print-your-name-robe\/\" class=\"woocommerce-LoopProduct-link woocommerce-loop-product__link\"><h2 class=\"woocommerce-loop-product__title\">Name Printing Service<\/h2><\/a>\n\t<span class=\"price\"><span class=\"woocommerce-Price-amount amount\"><bdi>15,00&nbsp;<span class=\"woocommerce-Price-currencySymbol\">&#122;&#322;<\/span><\/bdi><\/span><\/span>\n<\/li>\n\t\t\t\t<li class=\"product type-product post-14166 status-publish instock product_cat-waist-aprons has-post-thumbnail sale shipping-taxable purchasable product-type-simple\">\n\t<div class=\"at_product_loop_top_container\"><a href=\"https:\/\/modnystylista.com\/en\/product\/waist-apron-universal-life-line\/\" class=\"woocommerce-LoopProduct-link woocommerce-loop-product__link\">\n\t<span class=\"onsale\">Sale!<\/span>\n\t<img decoding=\"async\" width=\"800\" height=\"1200\" src=\"https:\/\/modnystylista.com\/wp-content\/uploads\/2021\/01\/a-19-1-scaled-800x1200.jpg\" class=\"attachment-woocommerce_thumbnail size-woocommerce_thumbnail\" alt=\"Waist Apron Life Line\" srcset=\"https:\/\/modnystylista.com\/wp-content\/uploads\/2021\/01\/a-19-1-scaled-800x1200.jpg 800w, https:\/\/modnystylista.com\/wp-content\/uploads\/2021\/01\/a-19-1-scaled-266x400.jpg 266w, https:\/\/modnystylista.com\/wp-content\/uploads\/2021\/01\/a-19-1-200x300.jpg 200w, https:\/\/modnystylista.com\/wp-content\/uploads\/2021\/01\/a-19-1-683x1024.jpg 683w, https:\/\/modnystylista.com\/wp-content\/uploads\/2021\/01\/a-19-1-768x1152.jpg 768w, https:\/\/modnystylista.com\/wp-content\/uploads\/2021\/01\/a-19-1-1024x1536.jpg 1024w, https:\/\/modnystylista.com\/wp-content\/uploads\/2021\/01\/a-19-1-1140x1710.jpg 1140w, https:\/\/modnystylista.com\/wp-content\/uploads\/2021\/01\/a-19-1-300x450.jpg 300w, https:\/\/modnystylista.com\/wp-content\/uploads\/2021\/01\/a-19-1-600x900.jpg 600w, https:\/\/modnystylista.com\/wp-content\/uploads\/2021\/01\/a-19-1-scaled.jpg 1280w\" sizes=\"(max-width: 800px) 100vw, 800px\" \/><\/a><div class=\"at_product_actions_mask lc_js_link\" data-href=\"https:\/\/modnystylista.com\/en\/product\/waist-apron-universal-life-line\/\" data-atcot=\"0\"><div class=\"at_wishlist_quickview_btns\"><a href=\"#\" class=\"artemis_swp_add_to_wishlist at_first_color\" title=\"Add to wishlist\" data-wishlist-id=\"14166\"><i class=\"fa fa-heart-o\"><\/i> <span>Add to wishlist<\/span><\/a><span class=\"artemis_swp_quickview_button\"><a data-src=\"https:\/\/modnystylista.com\/wp-admin\/admin-ajax.php?action=artemis_swp_quick_view&amp;product_id=14166\" title=\"Quick View\" data-caption=\"Waist Apron Life Line\" href=\"javascript:void(0)\" data-type=\"ajax\"><i class=\"fa fa-eye\"><\/i><\/a><\/span><\/div><a href=\"\/en\/wp-json\/wp\/v2\/pages\/14587?add-to-cart=14166\" aria-describedby=\"woocommerce_loop_add_to_cart_link_describedby_14166\" data-quantity=\"1\" class=\"button product_type_simple add_to_cart_button ajax_add_to_cart\" data-product_id=\"14166\" data-product_sku=\"MS0047\" aria-label=\"Add to cart: &ldquo;Waist Apron Life Line&rdquo;\" rel=\"nofollow\" data-success_message=\"&ldquo;Waist Apron Life Line&rdquo; has been added to your cart\">Add to cart<\/a>\t<span id=\"woocommerce_loop_add_to_cart_link_describedby_14166\" class=\"screen-reader-text\">\n\t\t\t<\/span>\n<\/div><\/div><a href=\"https:\/\/modnystylista.com\/en\/product\/waist-apron-universal-life-line\/\" class=\"woocommerce-LoopProduct-link woocommerce-loop-product__link\"><h2 class=\"woocommerce-loop-product__title\">Waist Apron Life Line<\/h2><\/a>\n\t<span class=\"price\"><del aria-hidden=\"true\"><span class=\"woocommerce-Price-amount amount\"><bdi>45,00&nbsp;<span class=\"woocommerce-Price-currencySymbol\">&#122;&#322;<\/span><\/bdi><\/span><\/del> <span class=\"screen-reader-text\">Original price was: 45,00&nbsp;&#122;&#322;.<\/span><ins aria-hidden=\"true\"><span class=\"woocommerce-Price-amount amount\"><bdi>30,00&nbsp;<span class=\"woocommerce-Price-currencySymbol\">&#122;&#322;<\/span><\/bdi><\/span><\/ins><span class=\"screen-reader-text\">Current price is: 30,00&nbsp;&#122;&#322;.<\/span><\/span>\n<\/li>\n\t\t\t\t<li class=\"product type-product post-14142 status-publish last instock product_cat-aprons product_cat-classic-aprons product_cat-mens-collection-en product_cat-personalisation product_cat-princess-aprons product_cat-protection-capes product_cat-shirts product_cat-waist-aprons product_cat-womans-shirts product_tag-logo product_tag-logo-on-clothing product_tag-logo-on-your-product product_tag-logo-printing product_tag-personalisation product_tag-print has-post-thumbnail shipping-taxable purchasable product-type-simple\">\n\t<div class=\"at_product_loop_top_container\"><a href=\"https:\/\/modnystylista.com\/en\/product\/print-logo-robe-beauty\/\" class=\"woocommerce-LoopProduct-link woocommerce-loop-product__link\"><img loading=\"lazy\" decoding=\"async\" width=\"500\" height=\"500\" src=\"https:\/\/modnystylista.com\/wp-content\/uploads\/2021\/05\/Black-and-White-Minimalist-Professional-Initial-Logo_20241117_063354_0000.png\" class=\"attachment-woocommerce_thumbnail size-woocommerce_thumbnail\" alt=\"Logo Printing Service\" srcset=\"https:\/\/modnystylista.com\/wp-content\/uploads\/2021\/05\/Black-and-White-Minimalist-Professional-Initial-Logo_20241117_063354_0000.png 500w, https:\/\/modnystylista.com\/wp-content\/uploads\/2021\/05\/Black-and-White-Minimalist-Professional-Initial-Logo_20241117_063354_0000-300x300.png 300w, https:\/\/modnystylista.com\/wp-content\/uploads\/2021\/05\/Black-and-White-Minimalist-Professional-Initial-Logo_20241117_063354_0000-150x150.png 150w\" sizes=\"(max-width: 500px) 100vw, 500px\" \/><\/a><div class=\"at_product_actions_mask lc_js_link\" data-href=\"https:\/\/modnystylista.com\/en\/product\/print-logo-robe-beauty\/\" data-atcot=\"0\"><div class=\"at_wishlist_quickview_btns\"><a href=\"#\" class=\"artemis_swp_add_to_wishlist at_first_color\" title=\"Add to wishlist\" data-wishlist-id=\"14142\"><i class=\"fa fa-heart-o\"><\/i> <span>Add to wishlist<\/span><\/a><span class=\"artemis_swp_quickview_button\"><a data-src=\"https:\/\/modnystylista.com\/wp-admin\/admin-ajax.php?action=artemis_swp_quick_view&amp;product_id=14142\" title=\"Quick View\" data-caption=\"Logo Printing Service\" href=\"javascript:void(0)\" data-type=\"ajax\"><i class=\"fa fa-eye\"><\/i><\/a><\/span><\/div><a href=\"\/en\/wp-json\/wp\/v2\/pages\/14587?add-to-cart=14142\" aria-describedby=\"woocommerce_loop_add_to_cart_link_describedby_14142\" data-quantity=\"1\" class=\"button product_type_simple add_to_cart_button ajax_add_to_cart\" data-product_id=\"14142\" data-product_sku=\"MS0039\" aria-label=\"Add to cart: &ldquo;Logo Printing Service&rdquo;\" rel=\"nofollow\" data-success_message=\"&ldquo;Logo Printing Service&rdquo; has been added to your cart\">Add to cart<\/a>\t<span id=\"woocommerce_loop_add_to_cart_link_describedby_14142\" class=\"screen-reader-text\">\n\t\t\t<\/span>\n<\/div><\/div><a href=\"https:\/\/modnystylista.com\/en\/product\/print-logo-robe-beauty\/\" class=\"woocommerce-LoopProduct-link woocommerce-loop-product__link\"><h2 class=\"woocommerce-loop-product__title\">Logo Printing Service<\/h2><\/a>\n\t<span class=\"price\"><span class=\"woocommerce-Price-amount amount\"><bdi>38,00&nbsp;<span class=\"woocommerce-Price-currencySymbol\">&#122;&#322;<\/span><\/bdi><\/span><\/span>\n<\/li>\n\t\t\t\t\t\t\t<\/ul>\r\n\t\t<\/div>\r\n\t\t\t\t<\/div>\n\t\t\t\t<\/div>\n\t\t\t\t\t<\/div>\n\t\t\t\t<\/div>\n\t\t<div class=\"elementor-element elementor-element-6f4085fd e-flex e-con-boxed e-con e-parent\" data-id=\"6f4085fd\" data-element_type=\"container\">\n\t\t\t\t\t<div class=\"e-con-inner\">\n\t\t\t\t<div class=\"elementor-element elementor-element-29ee7d99 elementor-widget elementor-widget-text-editor\" data-id=\"29ee7d99\" data-element_type=\"widget\" data-widget_type=\"text-editor.default\">\n\t\t\t\t<div class=\"elementor-widget-container\">\n\t\t\t\t\t\t\t<h1><strong>Protective barber supplies for your convenience<\/strong><\/h1><p><strong>Protective barber supplies<\/strong> are the ideal solution for those who prefer freedom of movement without having to wear front aprons. These are protective garments for hairdressers that are designed with comfort and safety in mind. You don&#8217;t always need an apron, sometimes a spare is all you need to ensure your garments are properly protected. <strong>Made of high quality waterproof fabric<\/strong>, our front <strong>aprons<\/strong> provide protection from moisture, dyes and other substances.   <\/p><p><strong>A versatile cotton hairdresser&#8217;s stocking,<\/strong> thanks to its adjustability it fits easily and can also be used by a colleague if necessary. Also available in a personalized version with your brand imprint, allow you to express your personal style and emphasize your professionalism in the industry. <\/p><p>Our <strong>hairdressing supplies<\/strong> combine modern design with high quality workmanship and careful finishing. Thanks to this, you will not only feel comfortable, but also present yourself stylishly. Let your work speak for itself, even without <a href=\"https:\/\/fartuszkowokolorowo.pl\/kategoria-produktu\/klasyczne\/\">a traditional apron<\/a>.  <\/p><p>Choose comfort, style and protection in our store &#8211; join the ranks of professionals who value excellence in every detail. Do your best to ensure that your customer is impressed by the high quality of your service. <\/p>\t\t\t\t\t\t<\/div>\n\t\t\t\t<\/div>\n\t\t\t\t\t<\/div>\n\t\t\t\t<\/div>\n\t\t\t\t<\/div>\n\t\t","protected":false},"excerpt":{"rendered":"<p>Dodaj do listy \u017cycze\u0144Dowiedz si\u0119 wi\u0119cej Zapaska Uniwersalna Wodoodporna Czarna 45,00&nbsp;&#122;&#322; Dodaj do listy \u017cycze\u0144Dodaj do koszyka Us\u0142uga nadruku Imienia 15,00&nbsp;&#122;&#322; Promocja! Dodaj do listy \u017cycze\u0144Dodaj do koszyka Zapaska Uniwersalna Linia \u017bycia 45,00&nbsp;&#122;&#322; Pierwotna cena wynosi\u0142a: 45,00&nbsp;&#122;&#322;.30,00&nbsp;&#122;&#322;Aktualna cena wynosi: 30,00&nbsp;&#122;&#322;&#8230;.<\/p>\n","protected":false},"author":1,"featured_media":0,"parent":0,"menu_order":0,"comment_status":"closed","ping_status":"closed","template":"","meta":{"footnotes":""},"class_list":["post-14587","page","type-page","status-publish","hentry"],"yoast_head":"<!-- This site is optimized with the Yoast SEO plugin v27.0 - https:\/\/yoast.com\/product\/yoast-seo-wordpress\/ -->\n<title>Waist Aprons - Modny Stylista<\/title>\n<meta name=\"robots\" content=\"index, follow, max-snippet:-1, max-image-preview:large, max-video-preview:-1\" \/>\n<link rel=\"canonical\" href=\"https:\/\/modnystylista.com\/en\/half-aprons\/\" \/>\n<meta property=\"og:locale\" content=\"en_US\" \/>\n<meta property=\"og:type\" content=\"article\" \/>\n<meta property=\"og:title\" content=\"Waist Aprons - Modny Stylista\" \/>\n<meta property=\"og:description\" content=\"Dodaj do listy \u017cycze\u0144Dowiedz si\u0119 wi\u0119cej Zapaska Uniwersalna Wodoodporna Czarna 45,00&nbsp;&#122;&#322; Dodaj do listy \u017cycze\u0144Dodaj do koszyka Us\u0142uga nadruku Imienia 15,00&nbsp;&#122;&#322; Promocja! Dodaj do listy \u017cycze\u0144Dodaj do koszyka Zapaska Uniwersalna Linia \u017bycia 45,00&nbsp;&#122;&#322; Pierwotna cena wynosi\u0142a: 45,00&nbsp;&#122;&#322;.30,00&nbsp;&#122;&#322;Aktualna cena wynosi: 30,00&nbsp;&#122;&#322;....\" \/>\n<meta property=\"og:url\" content=\"https:\/\/modnystylista.com\/en\/half-aprons\/\" \/>\n<meta property=\"og:site_name\" content=\"Modny Stylista\" \/>\n<meta property=\"article:publisher\" content=\"https:\/\/www.facebook.com\/ModnyStylista\" \/>\n<meta property=\"article:modified_time\" content=\"2025-11-10T18:33:20+00:00\" \/>\n<meta property=\"og:image\" content=\"https:\/\/modnystylista.com\/wp-content\/uploads\/2022\/02\/20220301_161851_6225-800x1080.jpg\" \/>\n<meta name=\"twitter:card\" content=\"summary_large_image\" \/>\n<meta name=\"twitter:label1\" content=\"Est. reading time\" \/>\n\t<meta name=\"twitter:data1\" content=\"1 minute\" \/>\n<script type=\"application\/ld+json\" class=\"yoast-schema-graph\">{\"@context\":\"https:\/\/schema.org\",\"@graph\":[{\"@type\":\"WebPage\",\"@id\":\"https:\/\/modnystylista.com\/en\/half-aprons\/\",\"url\":\"https:\/\/modnystylista.com\/en\/half-aprons\/\",\"name\":\"Waist Aprons - Modny Stylista\",\"isPartOf\":{\"@id\":\"https:\/\/modnystylista.com\/#website\"},\"primaryImageOfPage\":{\"@id\":\"https:\/\/modnystylista.com\/en\/half-aprons\/#primaryimage\"},\"image\":{\"@id\":\"https:\/\/modnystylista.com\/en\/half-aprons\/#primaryimage\"},\"thumbnailUrl\":\"https:\/\/modnystylista.com\/wp-content\/uploads\/2022\/02\/20220301_161851_6225-800x1080.jpg\",\"datePublished\":\"2024-04-14T14:42:08+00:00\",\"dateModified\":\"2025-11-10T18:33:20+00:00\",\"breadcrumb\":{\"@id\":\"https:\/\/modnystylista.com\/en\/half-aprons\/#breadcrumb\"},\"inLanguage\":\"en-US\",\"potentialAction\":[{\"@type\":\"ReadAction\",\"target\":[\"https:\/\/modnystylista.com\/en\/half-aprons\/\"]}]},{\"@type\":\"ImageObject\",\"inLanguage\":\"en-US\",\"@id\":\"https:\/\/modnystylista.com\/en\/half-aprons\/#primaryimage\",\"url\":\"https:\/\/modnystylista.com\/wp-content\/uploads\/2022\/02\/20220301_161851_6225-800x1080.jpg\",\"contentUrl\":\"https:\/\/modnystylista.com\/wp-content\/uploads\/2022\/02\/20220301_161851_6225-800x1080.jpg\"},{\"@type\":\"BreadcrumbList\",\"@id\":\"https:\/\/modnystylista.com\/en\/half-aprons\/#breadcrumb\",\"itemListElement\":[{\"@type\":\"ListItem\",\"position\":1,\"name\":\"Homepage\",\"item\":\"https:\/\/modnystylista.com\/home-page\/\"},{\"@type\":\"ListItem\",\"position\":2,\"name\":\"Waist Aprons\"}]},{\"@type\":\"WebSite\",\"@id\":\"https:\/\/modnystylista.com\/#website\",\"url\":\"https:\/\/modnystylista.com\/\",\"name\":\"Modny Stylista\",\"description\":\"Hairdressing aprons and other accessories for stylists\",\"potentialAction\":[{\"@type\":\"SearchAction\",\"target\":{\"@type\":\"EntryPoint\",\"urlTemplate\":\"https:\/\/modnystylista.com\/?s={search_term_string}\"},\"query-input\":{\"@type\":\"PropertyValueSpecification\",\"valueRequired\":true,\"valueName\":\"search_term_string\"}}],\"inLanguage\":\"en-US\"}]}<\/script>\n<meta property=\"product:price:amount\" content=\"38.00\" \/>\n<meta property=\"product:price:currency\" content=\"PLN\" \/>\n<meta property=\"og:availability\" content=\"instock\" \/>\n<meta property=\"product:availability\" content=\"instock\" \/>\n<meta property=\"product:retailer_item_id\" content=\"MS0039\" \/>\n<meta property=\"product:condition\" content=\"new\" \/>\n<!-- \/ Yoast SEO plugin. -->","yoast_head_json":{"title":"Waist Aprons - Modny Stylista","robots":{"index":"index","follow":"follow","max-snippet":"max-snippet:-1","max-image-preview":"max-image-preview:large","max-video-preview":"max-video-preview:-1"},"canonical":"https:\/\/modnystylista.com\/en\/half-aprons\/","og_locale":"en_US","og_type":"article","og_title":"Waist Aprons - Modny Stylista","og_description":"Dodaj do listy \u017cycze\u0144Dowiedz si\u0119 wi\u0119cej Zapaska Uniwersalna Wodoodporna Czarna 45,00&nbsp;&#122;&#322; Dodaj do listy \u017cycze\u0144Dodaj do koszyka Us\u0142uga nadruku Imienia 15,00&nbsp;&#122;&#322; Promocja! Dodaj do listy \u017cycze\u0144Dodaj do koszyka Zapaska Uniwersalna Linia \u017bycia 45,00&nbsp;&#122;&#322; Pierwotna cena wynosi\u0142a: 45,00&nbsp;&#122;&#322;.30,00&nbsp;&#122;&#322;Aktualna cena wynosi: 30,00&nbsp;&#122;&#322;....","og_url":"https:\/\/modnystylista.com\/en\/half-aprons\/","og_site_name":"Modny Stylista","article_publisher":"https:\/\/www.facebook.com\/ModnyStylista","article_modified_time":"2025-11-10T18:33:20+00:00","og_image":[{"url":"https:\/\/modnystylista.com\/wp-content\/uploads\/2022\/02\/20220301_161851_6225-800x1080.jpg","type":"","width":"","height":""}],"twitter_card":"summary_large_image","twitter_misc":{"Est. reading time":"1 minute"},"schema":{"@context":"https:\/\/schema.org","@graph":[{"@type":"WebPage","@id":"https:\/\/modnystylista.com\/en\/half-aprons\/","url":"https:\/\/modnystylista.com\/en\/half-aprons\/","name":"Waist Aprons - Modny Stylista","isPartOf":{"@id":"https:\/\/modnystylista.com\/#website"},"primaryImageOfPage":{"@id":"https:\/\/modnystylista.com\/en\/half-aprons\/#primaryimage"},"image":{"@id":"https:\/\/modnystylista.com\/en\/half-aprons\/#primaryimage"},"thumbnailUrl":"https:\/\/modnystylista.com\/wp-content\/uploads\/2022\/02\/20220301_161851_6225-800x1080.jpg","datePublished":"2024-04-14T14:42:08+00:00","dateModified":"2025-11-10T18:33:20+00:00","breadcrumb":{"@id":"https:\/\/modnystylista.com\/en\/half-aprons\/#breadcrumb"},"inLanguage":"en-US","potentialAction":[{"@type":"ReadAction","target":["https:\/\/modnystylista.com\/en\/half-aprons\/"]}]},{"@type":"ImageObject","inLanguage":"en-US","@id":"https:\/\/modnystylista.com\/en\/half-aprons\/#primaryimage","url":"https:\/\/modnystylista.com\/wp-content\/uploads\/2022\/02\/20220301_161851_6225-800x1080.jpg","contentUrl":"https:\/\/modnystylista.com\/wp-content\/uploads\/2022\/02\/20220301_161851_6225-800x1080.jpg"},{"@type":"BreadcrumbList","@id":"https:\/\/modnystylista.com\/en\/half-aprons\/#breadcrumb","itemListElement":[{"@type":"ListItem","position":1,"name":"Homepage","item":"https:\/\/modnystylista.com\/home-page\/"},{"@type":"ListItem","position":2,"name":"Waist Aprons"}]},{"@type":"WebSite","@id":"https:\/\/modnystylista.com\/#website","url":"https:\/\/modnystylista.com\/","name":"Modny Stylista","description":"Hairdressing aprons and other accessories for stylists","potentialAction":[{"@type":"SearchAction","target":{"@type":"EntryPoint","urlTemplate":"https:\/\/modnystylista.com\/?s={search_term_string}"},"query-input":{"@type":"PropertyValueSpecification","valueRequired":true,"valueName":"search_term_string"}}],"inLanguage":"en-US"}]},"product_price_amount":"38.00","product_price_currency":"PLN","og_availability":"instock","product_availability":"instock","product_retailer_item_id":"MS0039","product_condition":"new"},"_links":{"self":[{"href":"https:\/\/modnystylista.com\/en\/wp-json\/wp\/v2\/pages\/14587","targetHints":{"allow":["GET"]}}],"collection":[{"href":"https:\/\/modnystylista.com\/en\/wp-json\/wp\/v2\/pages"}],"about":[{"href":"https:\/\/modnystylista.com\/en\/wp-json\/wp\/v2\/types\/page"}],"author":[{"embeddable":true,"href":"https:\/\/modnystylista.com\/en\/wp-json\/wp\/v2\/users\/1"}],"replies":[{"embeddable":true,"href":"https:\/\/modnystylista.com\/en\/wp-json\/wp\/v2\/comments?post=14587"}],"version-history":[{"count":5,"href":"https:\/\/modnystylista.com\/en\/wp-json\/wp\/v2\/pages\/14587\/revisions"}],"predecessor-version":[{"id":14672,"href":"https:\/\/modnystylista.com\/en\/wp-json\/wp\/v2\/pages\/14587\/revisions\/14672"}],"wp:attachment":[{"href":"https:\/\/modnystylista.com\/en\/wp-json\/wp\/v2\/media?parent=14587"}],"curies":[{"name":"wp","href":"https:\/\/api.w.org\/{rel}","templated":true}]}}