{"id":14590,"date":"2024-04-14T16:44:33","date_gmt":"2024-04-14T14:44:33","guid":{"rendered":"https:\/\/modnystylista.com\/personalization\/"},"modified":"2025-11-10T17:28:28","modified_gmt":"2025-11-10T16:28:28","slug":"personalization","status":"publish","type":"page","link":"https:\/\/modnystylista.com\/en\/personalization\/","title":{"rendered":"Personalization"},"content":{"rendered":"\t\t<div data-elementor-type=\"wp-page\" data-elementor-id=\"14590\" class=\"elementor elementor-14590 elementor-5202\" data-elementor-post-type=\"page\">\n\t\t\t\t<div class=\"elementor-element elementor-element-670d836 e-flex e-con-boxed e-con e-parent\" data-id=\"670d836\" data-element_type=\"container\">\n\t\t\t\t\t<div class=\"e-con-inner\">\n\t\t\t\t<div class=\"elementor-element elementor-element-e93d76f elementor-widget elementor-widget-woocommerce-breadcrumb\" data-id=\"e93d76f\" data-element_type=\"widget\" data-widget_type=\"woocommerce-breadcrumb.default\">\n\t\t\t\t<div class=\"elementor-widget-container\">\n\t\t\t<nav class=\"woocommerce-breadcrumb\" aria-label=\"Breadcrumb\">Home<\/nav>\t\t<\/div>\n\t\t\t\t<\/div>\n\t\t\t\t\t<\/div>\n\t\t\t\t<\/div>\n\t\t<div class=\"elementor-element elementor-element-45b90db3 e-flex e-con-boxed e-con e-parent\" data-id=\"45b90db3\" data-element_type=\"container\">\n\t\t\t\t\t<div class=\"e-con-inner\">\n\t\t\t\t<div class=\"elementor-element elementor-element-c41940c elementor-widget elementor-widget-artemis-products\" data-id=\"c41940c\" data-element_type=\"widget\" data-widget_type=\"artemis-products.default\">\n\t\t\t\t<div class=\"elementor-widget-container\">\n\t\t\t\t\t<div class=\"woocommerce\">\r\n\t\t\t<ul class=\"products mode-grid at_custom_prod_cols at_columns-4\">\r\n\t\t\t\t<li class=\"product type-product post-14142 status-publish first instock product_cat-aprons product_cat-classic-aprons product_cat-mens-collection-en product_cat-personalisation product_cat-princess-aprons product_cat-protection-capes product_cat-shirts product_cat-waist-aprons product_cat-womans-shirts product_tag-logo product_tag-logo-on-clothing product_tag-logo-on-your-product product_tag-logo-printing product_tag-personalisation product_tag-print has-post-thumbnail shipping-taxable purchasable product-type-simple\">\n\t<div class=\"at_product_loop_top_container\"><a href=\"https:\/\/modnystylista.com\/en\/product\/print-logo-robe-beauty\/\" class=\"woocommerce-LoopProduct-link woocommerce-loop-product__link\"><img fetchpriority=\"high\" decoding=\"async\" width=\"500\" height=\"500\" src=\"https:\/\/modnystylista.com\/wp-content\/uploads\/2021\/05\/Black-and-White-Minimalist-Professional-Initial-Logo_20241117_063354_0000.png\" class=\"attachment-woocommerce_thumbnail size-woocommerce_thumbnail\" alt=\"Logo Printing Service\" srcset=\"https:\/\/modnystylista.com\/wp-content\/uploads\/2021\/05\/Black-and-White-Minimalist-Professional-Initial-Logo_20241117_063354_0000.png 500w, https:\/\/modnystylista.com\/wp-content\/uploads\/2021\/05\/Black-and-White-Minimalist-Professional-Initial-Logo_20241117_063354_0000-300x300.png 300w, https:\/\/modnystylista.com\/wp-content\/uploads\/2021\/05\/Black-and-White-Minimalist-Professional-Initial-Logo_20241117_063354_0000-150x150.png 150w\" sizes=\"(max-width: 500px) 100vw, 500px\" \/><\/a><div class=\"at_product_actions_mask lc_js_link\" data-href=\"https:\/\/modnystylista.com\/en\/product\/print-logo-robe-beauty\/\" data-atcot=\"0\"><div class=\"at_wishlist_quickview_btns\"><a href=\"#\" class=\"artemis_swp_add_to_wishlist at_first_color\" title=\"Add to wishlist\" data-wishlist-id=\"14142\"><i class=\"fa fa-heart-o\"><\/i> <span>Add to wishlist<\/span><\/a><span class=\"artemis_swp_quickview_button\"><a data-src=\"https:\/\/modnystylista.com\/wp-admin\/admin-ajax.php?action=artemis_swp_quick_view&amp;product_id=14142\" title=\"Quick View\" data-caption=\"Logo Printing Service\" href=\"javascript:void(0)\" data-type=\"ajax\"><i class=\"fa fa-eye\"><\/i><\/a><\/span><\/div><a href=\"\/en\/wp-json\/wp\/v2\/pages\/14590?add-to-cart=14142\" aria-describedby=\"woocommerce_loop_add_to_cart_link_describedby_14142\" data-quantity=\"1\" class=\"button product_type_simple add_to_cart_button ajax_add_to_cart\" data-product_id=\"14142\" data-product_sku=\"MS0039\" aria-label=\"Add to cart: &ldquo;Logo Printing Service&rdquo;\" rel=\"nofollow\" data-success_message=\"&ldquo;Logo Printing Service&rdquo; has been added to your cart\">Add to cart<\/a>\t<span id=\"woocommerce_loop_add_to_cart_link_describedby_14142\" class=\"screen-reader-text\">\n\t\t\t<\/span>\n<\/div><\/div><a href=\"https:\/\/modnystylista.com\/en\/product\/print-logo-robe-beauty\/\" class=\"woocommerce-LoopProduct-link woocommerce-loop-product__link\"><h2 class=\"woocommerce-loop-product__title\">Logo Printing Service<\/h2><\/a>\n\t<span class=\"price\"><span class=\"woocommerce-Price-amount amount\"><bdi>38,00&nbsp;<span class=\"woocommerce-Price-currencySymbol\">&#122;&#322;<\/span><\/bdi><\/span><\/span>\n<\/li>\n\t\t\t\t<li class=\"product type-product post-14169 status-publish instock product_cat-personalisation product_cat-waist-aprons has-post-thumbnail shipping-taxable purchasable product-type-simple\">\n\t<div class=\"at_product_loop_top_container\"><a href=\"https:\/\/modnystylista.com\/en\/product\/print-your-name-robe\/\" class=\"woocommerce-LoopProduct-link woocommerce-loop-product__link\"><img decoding=\"async\" width=\"500\" height=\"500\" src=\"https:\/\/modnystylista.com\/wp-content\/uploads\/2021\/11\/Black-and-White-Minimalist-Professional-Initial-Logo_20241117_063223_0000.png\" class=\"attachment-woocommerce_thumbnail size-woocommerce_thumbnail\" alt=\"Name Printing Service\" srcset=\"https:\/\/modnystylista.com\/wp-content\/uploads\/2021\/11\/Black-and-White-Minimalist-Professional-Initial-Logo_20241117_063223_0000.png 500w, https:\/\/modnystylista.com\/wp-content\/uploads\/2021\/11\/Black-and-White-Minimalist-Professional-Initial-Logo_20241117_063223_0000-300x300.png 300w, https:\/\/modnystylista.com\/wp-content\/uploads\/2021\/11\/Black-and-White-Minimalist-Professional-Initial-Logo_20241117_063223_0000-150x150.png 150w\" sizes=\"(max-width: 500px) 100vw, 500px\" \/><\/a><div class=\"at_product_actions_mask lc_js_link\" data-href=\"https:\/\/modnystylista.com\/en\/product\/print-your-name-robe\/\" data-atcot=\"0\"><div class=\"at_wishlist_quickview_btns\"><a href=\"#\" class=\"artemis_swp_add_to_wishlist at_first_color\" title=\"Add to wishlist\" data-wishlist-id=\"14169\"><i class=\"fa fa-heart-o\"><\/i> <span>Add to wishlist<\/span><\/a><span class=\"artemis_swp_quickview_button\"><a data-src=\"https:\/\/modnystylista.com\/wp-admin\/admin-ajax.php?action=artemis_swp_quick_view&amp;product_id=14169\" title=\"Quick View\" data-caption=\"Name Printing Service\" href=\"javascript:void(0)\" data-type=\"ajax\"><i class=\"fa fa-eye\"><\/i><\/a><\/span><\/div><a href=\"\/en\/wp-json\/wp\/v2\/pages\/14590?add-to-cart=14169\" aria-describedby=\"woocommerce_loop_add_to_cart_link_describedby_14169\" data-quantity=\"1\" class=\"button product_type_simple add_to_cart_button ajax_add_to_cart\" data-product_id=\"14169\" data-product_sku=\"MS0048\" aria-label=\"Add to cart: &ldquo;Name Printing Service&rdquo;\" rel=\"nofollow\" data-success_message=\"&ldquo;Name Printing Service&rdquo; has been added to your cart\">Add to cart<\/a>\t<span id=\"woocommerce_loop_add_to_cart_link_describedby_14169\" class=\"screen-reader-text\">\n\t\t\t<\/span>\n<\/div><\/div><a href=\"https:\/\/modnystylista.com\/en\/product\/print-your-name-robe\/\" class=\"woocommerce-LoopProduct-link woocommerce-loop-product__link\"><h2 class=\"woocommerce-loop-product__title\">Name Printing Service<\/h2><\/a>\n\t<span class=\"price\"><span class=\"woocommerce-Price-amount amount\"><bdi>15,00&nbsp;<span class=\"woocommerce-Price-currencySymbol\">&#122;&#322;<\/span><\/bdi><\/span><\/span>\n<\/li>\n\t\t\t\t<li class=\"product type-product post-14181 status-publish instock product_cat-personalisation product_cat-protection-capes product_tag-cape-with-logo product_tag-cape-with-print product_tag-logo product_tag-logo-printing product_tag-personalisation has-post-thumbnail shipping-taxable purchasable product-type-simple\">\n\t<div class=\"at_product_loop_top_container\"><a href=\"https:\/\/modnystylista.com\/en\/product\/hairdressers-cape-basic-logo-black\/\" class=\"woocommerce-LoopProduct-link woocommerce-loop-product__link\"><img decoding=\"async\" width=\"800\" height=\"1200\" src=\"https:\/\/modnystylista.com\/wp-content\/uploads\/2021\/12\/file_000000003adc71f4a20838efe52a8841-800x1200.png\" class=\"attachment-woocommerce_thumbnail size-woocommerce_thumbnail\" alt=\"Hairdressing cape Long Basic Black + Logo Printing Service\" srcset=\"https:\/\/modnystylista.com\/wp-content\/uploads\/2021\/12\/file_000000003adc71f4a20838efe52a8841-800x1200.png 800w, https:\/\/modnystylista.com\/wp-content\/uploads\/2021\/12\/file_000000003adc71f4a20838efe52a8841-200x300.png 200w, https:\/\/modnystylista.com\/wp-content\/uploads\/2021\/12\/file_000000003adc71f4a20838efe52a8841-683x1024.png 683w, https:\/\/modnystylista.com\/wp-content\/uploads\/2021\/12\/file_000000003adc71f4a20838efe52a8841-768x1152.png 768w, https:\/\/modnystylista.com\/wp-content\/uploads\/2021\/12\/file_000000003adc71f4a20838efe52a8841-650x975.png 650w, https:\/\/modnystylista.com\/wp-content\/uploads\/2021\/12\/file_000000003adc71f4a20838efe52a8841-266x400.png 266w, https:\/\/modnystylista.com\/wp-content\/uploads\/2021\/12\/file_000000003adc71f4a20838efe52a8841.png 1024w\" sizes=\"(max-width: 800px) 100vw, 800px\" \/><\/a><div class=\"at_product_actions_mask lc_js_link\" data-href=\"https:\/\/modnystylista.com\/en\/product\/hairdressers-cape-basic-logo-black\/\" data-atcot=\"0\"><div class=\"at_wishlist_quickview_btns\"><a href=\"#\" class=\"artemis_swp_add_to_wishlist at_first_color\" title=\"Add to wishlist\" data-wishlist-id=\"14181\"><i class=\"fa fa-heart-o\"><\/i> <span>Add to wishlist<\/span><\/a><span class=\"artemis_swp_quickview_button\"><a data-src=\"https:\/\/modnystylista.com\/wp-admin\/admin-ajax.php?action=artemis_swp_quick_view&amp;product_id=14181\" title=\"Quick View\" data-caption=\"Hairdressing cape Long Basic Black + Logo Printing Service\" href=\"javascript:void(0)\" data-type=\"ajax\"><i class=\"fa fa-eye\"><\/i><\/a><\/span><\/div><a href=\"\/en\/wp-json\/wp\/v2\/pages\/14590?add-to-cart=14181\" aria-describedby=\"woocommerce_loop_add_to_cart_link_describedby_14181\" data-quantity=\"1\" class=\"button product_type_simple add_to_cart_button ajax_add_to_cart\" data-product_id=\"14181\" data-product_sku=\"MS0052\" aria-label=\"Add to cart: &ldquo;Hairdressing cape Long Basic Black + Logo Printing Service&rdquo;\" rel=\"nofollow\" data-success_message=\"&ldquo;Hairdressing cape Long Basic Black + Logo Printing Service&rdquo; has been added to your cart\">Add to cart<\/a>\t<span id=\"woocommerce_loop_add_to_cart_link_describedby_14181\" class=\"screen-reader-text\">\n\t\t\t<\/span>\n<\/div><\/div><a href=\"https:\/\/modnystylista.com\/en\/product\/hairdressers-cape-basic-logo-black\/\" class=\"woocommerce-LoopProduct-link woocommerce-loop-product__link\"><h2 class=\"woocommerce-loop-product__title\">Hairdressing cape Long Basic Black + Logo Printing Service<\/h2><\/a>\n\t<span class=\"price\"><span class=\"woocommerce-Price-amount amount\"><bdi>76,00&nbsp;<span class=\"woocommerce-Price-currencySymbol\">&#122;&#322;<\/span><\/bdi><\/span><\/span>\n<\/li>\n\t\t\t\t\t\t\t<\/ul>\r\n\t\t<\/div>\r\n\t\t\t\t<\/div>\n\t\t\t\t<\/div>\n\t\t\t\t\t<\/div>\n\t\t\t\t<\/div>\n\t\t<div class=\"elementor-element elementor-element-691c730 e-flex e-con-boxed e-con e-parent\" data-id=\"691c730\" data-element_type=\"container\">\n\t\t\t\t\t<div class=\"e-con-inner\">\n\t\t\t\t<div class=\"elementor-element elementor-element-4b25b42d elementor-widget elementor-widget-text-editor\" data-id=\"4b25b42d\" data-element_type=\"widget\" data-widget_type=\"text-editor.default\">\n\t\t\t\t<div class=\"elementor-widget-container\">\n\t\t\t\t\t\t\t<h1>Personalized clothing for your brand<\/h1>\n<p>Have a specific idea of how your team should dress, but can&#8217;t find the right model or color? Have a specific idea of how your team should dress, but can&#8217;t find the right model or color? Check out <b>Modny Stylista<\/b> &#8216;s offer and personalize a product from our offer. <b>Personalized industry apparel<\/b> is the hottest trend of recent times. Take advantage of the wide range of colors and fabrics. Combine designs and models according to your taste and give your business a distinct look. Whether you&#8217;re in a hair or beauty salon, this is sure to boost the morale of your employees and improve the overall impression of your customers.     <\/p>\n<p>Transform your workwear into an effective advertising medium with your logo or distinctive inscription. <strong>Personalized aprons for the beauty industry<\/strong>, we make based on your individual request. Whether it&#8217;s a logo, name, slogan, or employee names or motifs. <\/p>\n<p>Only three steps separate you from your customized industry apron:<\/p>\n<ol>\n<li>Select the desired model and color<\/li>\n<li>Personalize your work apron with fabric type and accessories<\/li>\n<li><strong>The cosmetic apron with logo<\/strong> is almost ready &#8211; just decide whether you prefer the inscription or the logo of your brand, the rest in our hands.<\/li>\n<\/ol>\n<p>Compile the right workwear for your industry and keep your team looking impressive. Create your individual piece using the available designs. <\/p>\n<p>But that&#8217;s not all, we encourage you to take a professional look at the whole thing. Match your salon with unique personalized gadgets that will fit in perfectly with your brand. <g id=\"gid_0\"><g id=\"gid_1\">Stylist&#8217;s mug<\/g><\/g> will work great in a salon where you have a larger team. This unique ceramic printed mug can introduce a fun touch or make a great gift option for a colleague or boss.  <\/p>\n<p>Get inspired on our site or inspire us with your creative approach, because business.<\/p>\t\t\t\t\t\t<\/div>\n\t\t\t\t<\/div>\n\t\t\t\t\t<\/div>\n\t\t\t\t<\/div>\n\t\t\t\t<\/div>\n\t\t","protected":false},"excerpt":{"rendered":"<p>Dodaj do listy \u017cycze\u0144Dodaj do koszyka Kubek D\u0142ugie Pazury 29,00&nbsp;&#122;&#322; Dodaj do listy \u017cycze\u0144Dodaj do koszyka Kubek Najlepsze Pazurki 29,00&nbsp;&#122;&#322; Dodaj do listy \u017cycze\u0144Dodaj do koszyka Kubek Mistrza 30,00&nbsp;&#122;&#322; Dodaj do listy \u017cycze\u0144Dodaj do koszyka Kubek Kocham Pazurki 29,00&nbsp;&#122;&#322; Dodaj&#8230;<\/p>\n","protected":false},"author":1,"featured_media":0,"parent":0,"menu_order":0,"comment_status":"closed","ping_status":"closed","template":"","meta":{"footnotes":""},"class_list":["post-14590","page","type-page","status-publish","hentry"],"yoast_head":"<!-- This site is optimized with the Yoast SEO plugin v27.0 - https:\/\/yoast.com\/product\/yoast-seo-wordpress\/ -->\n<title>Personalization - Modny Stylista<\/title>\n<meta name=\"robots\" content=\"index, follow, max-snippet:-1, max-image-preview:large, max-video-preview:-1\" \/>\n<link rel=\"canonical\" href=\"https:\/\/modnystylista.com\/en\/?page_id=14590\" \/>\n<meta property=\"og:locale\" content=\"en_US\" \/>\n<meta property=\"og:type\" content=\"article\" \/>\n<meta property=\"og:title\" content=\"Personalization - Modny Stylista\" \/>\n<meta property=\"og:description\" content=\"Dodaj do listy \u017cycze\u0144Dodaj do koszyka Kubek D\u0142ugie Pazury 29,00&nbsp;&#122;&#322; Dodaj do listy \u017cycze\u0144Dodaj do koszyka Kubek Najlepsze Pazurki 29,00&nbsp;&#122;&#322; Dodaj do listy \u017cycze\u0144Dodaj do koszyka Kubek Mistrza 30,00&nbsp;&#122;&#322; Dodaj do listy \u017cycze\u0144Dodaj do koszyka Kubek Kocham Pazurki 29,00&nbsp;&#122;&#322; Dodaj...\" \/>\n<meta property=\"og:url\" content=\"https:\/\/modnystylista.com\/en\/?page_id=14590\" \/>\n<meta property=\"og:site_name\" content=\"Modny Stylista\" \/>\n<meta property=\"article:publisher\" content=\"https:\/\/www.facebook.com\/ModnyStylista\" \/>\n<meta property=\"article:modified_time\" content=\"2025-11-10T16:28:28+00:00\" \/>\n<meta property=\"og:image\" content=\"https:\/\/modnystylista.com\/wp-content\/uploads\/2023\/03\/mockup-of-a-mug-held-by-a-woman-with-delicate-features-22385-1-1-scaled-800x1200.png\" \/>\n<meta name=\"twitter:card\" content=\"summary_large_image\" \/>\n<meta name=\"twitter:label1\" content=\"Est. reading time\" \/>\n\t<meta name=\"twitter:data1\" content=\"3 minutes\" \/>\n<script type=\"application\/ld+json\" class=\"yoast-schema-graph\">{\"@context\":\"https:\/\/schema.org\",\"@graph\":[{\"@type\":\"WebPage\",\"@id\":\"https:\/\/modnystylista.com\/en\/?page_id=14590\",\"url\":\"https:\/\/modnystylista.com\/en\/?page_id=14590\",\"name\":\"Personalization - Modny Stylista\",\"isPartOf\":{\"@id\":\"https:\/\/modnystylista.com\/#website\"},\"primaryImageOfPage\":{\"@id\":\"https:\/\/modnystylista.com\/en\/?page_id=14590#primaryimage\"},\"image\":{\"@id\":\"https:\/\/modnystylista.com\/en\/?page_id=14590#primaryimage\"},\"thumbnailUrl\":\"https:\/\/modnystylista.com\/wp-content\/uploads\/2023\/03\/mockup-of-a-mug-held-by-a-woman-with-delicate-features-22385-1-1-scaled-800x1200.png\",\"datePublished\":\"2024-04-14T14:44:33+00:00\",\"dateModified\":\"2025-11-10T16:28:28+00:00\",\"breadcrumb\":{\"@id\":\"https:\/\/modnystylista.com\/en\/?page_id=14590#breadcrumb\"},\"inLanguage\":\"en-US\",\"potentialAction\":[{\"@type\":\"ReadAction\",\"target\":[\"https:\/\/modnystylista.com\/en\/?page_id=14590\"]}]},{\"@type\":\"ImageObject\",\"inLanguage\":\"en-US\",\"@id\":\"https:\/\/modnystylista.com\/en\/?page_id=14590#primaryimage\",\"url\":\"https:\/\/modnystylista.com\/wp-content\/uploads\/2023\/03\/mockup-of-a-mug-held-by-a-woman-with-delicate-features-22385-1-1-scaled-800x1200.png\",\"contentUrl\":\"https:\/\/modnystylista.com\/wp-content\/uploads\/2023\/03\/mockup-of-a-mug-held-by-a-woman-with-delicate-features-22385-1-1-scaled-800x1200.png\"},{\"@type\":\"BreadcrumbList\",\"@id\":\"https:\/\/modnystylista.com\/en\/?page_id=14590#breadcrumb\",\"itemListElement\":[{\"@type\":\"ListItem\",\"position\":1,\"name\":\"Homepage\",\"item\":\"https:\/\/modnystylista.com\/home-page\/\"},{\"@type\":\"ListItem\",\"position\":2,\"name\":\"Personalization\"}]},{\"@type\":\"WebSite\",\"@id\":\"https:\/\/modnystylista.com\/#website\",\"url\":\"https:\/\/modnystylista.com\/\",\"name\":\"Modny Stylista\",\"description\":\"Hairdressing aprons and other accessories for stylists\",\"potentialAction\":[{\"@type\":\"SearchAction\",\"target\":{\"@type\":\"EntryPoint\",\"urlTemplate\":\"https:\/\/modnystylista.com\/?s={search_term_string}\"},\"query-input\":{\"@type\":\"PropertyValueSpecification\",\"valueRequired\":true,\"valueName\":\"search_term_string\"}}],\"inLanguage\":\"en-US\"}]}<\/script>\n<meta property=\"product:price:amount\" content=\"76.00\" \/>\n<meta property=\"product:price:currency\" content=\"PLN\" \/>\n<meta property=\"og:availability\" content=\"instock\" \/>\n<meta property=\"product:availability\" content=\"instock\" \/>\n<meta property=\"product:retailer_item_id\" content=\"MS0052\" \/>\n<meta property=\"product:condition\" content=\"new\" \/>\n<!-- \/ Yoast SEO plugin. -->","yoast_head_json":{"title":"Personalization - Modny Stylista","robots":{"index":"index","follow":"follow","max-snippet":"max-snippet:-1","max-image-preview":"max-image-preview:large","max-video-preview":"max-video-preview:-1"},"canonical":"https:\/\/modnystylista.com\/en\/?page_id=14590","og_locale":"en_US","og_type":"article","og_title":"Personalization - Modny Stylista","og_description":"Dodaj do listy \u017cycze\u0144Dodaj do koszyka Kubek D\u0142ugie Pazury 29,00&nbsp;&#122;&#322; Dodaj do listy \u017cycze\u0144Dodaj do koszyka Kubek Najlepsze Pazurki 29,00&nbsp;&#122;&#322; Dodaj do listy \u017cycze\u0144Dodaj do koszyka Kubek Mistrza 30,00&nbsp;&#122;&#322; Dodaj do listy \u017cycze\u0144Dodaj do koszyka Kubek Kocham Pazurki 29,00&nbsp;&#122;&#322; Dodaj...","og_url":"https:\/\/modnystylista.com\/en\/?page_id=14590","og_site_name":"Modny Stylista","article_publisher":"https:\/\/www.facebook.com\/ModnyStylista","article_modified_time":"2025-11-10T16:28:28+00:00","og_image":[{"url":"https:\/\/modnystylista.com\/wp-content\/uploads\/2023\/03\/mockup-of-a-mug-held-by-a-woman-with-delicate-features-22385-1-1-scaled-800x1200.png","type":"","width":"","height":""}],"twitter_card":"summary_large_image","twitter_misc":{"Est. reading time":"3 minutes"},"schema":{"@context":"https:\/\/schema.org","@graph":[{"@type":"WebPage","@id":"https:\/\/modnystylista.com\/en\/?page_id=14590","url":"https:\/\/modnystylista.com\/en\/?page_id=14590","name":"Personalization - Modny Stylista","isPartOf":{"@id":"https:\/\/modnystylista.com\/#website"},"primaryImageOfPage":{"@id":"https:\/\/modnystylista.com\/en\/?page_id=14590#primaryimage"},"image":{"@id":"https:\/\/modnystylista.com\/en\/?page_id=14590#primaryimage"},"thumbnailUrl":"https:\/\/modnystylista.com\/wp-content\/uploads\/2023\/03\/mockup-of-a-mug-held-by-a-woman-with-delicate-features-22385-1-1-scaled-800x1200.png","datePublished":"2024-04-14T14:44:33+00:00","dateModified":"2025-11-10T16:28:28+00:00","breadcrumb":{"@id":"https:\/\/modnystylista.com\/en\/?page_id=14590#breadcrumb"},"inLanguage":"en-US","potentialAction":[{"@type":"ReadAction","target":["https:\/\/modnystylista.com\/en\/?page_id=14590"]}]},{"@type":"ImageObject","inLanguage":"en-US","@id":"https:\/\/modnystylista.com\/en\/?page_id=14590#primaryimage","url":"https:\/\/modnystylista.com\/wp-content\/uploads\/2023\/03\/mockup-of-a-mug-held-by-a-woman-with-delicate-features-22385-1-1-scaled-800x1200.png","contentUrl":"https:\/\/modnystylista.com\/wp-content\/uploads\/2023\/03\/mockup-of-a-mug-held-by-a-woman-with-delicate-features-22385-1-1-scaled-800x1200.png"},{"@type":"BreadcrumbList","@id":"https:\/\/modnystylista.com\/en\/?page_id=14590#breadcrumb","itemListElement":[{"@type":"ListItem","position":1,"name":"Homepage","item":"https:\/\/modnystylista.com\/home-page\/"},{"@type":"ListItem","position":2,"name":"Personalization"}]},{"@type":"WebSite","@id":"https:\/\/modnystylista.com\/#website","url":"https:\/\/modnystylista.com\/","name":"Modny Stylista","description":"Hairdressing aprons and other accessories for stylists","potentialAction":[{"@type":"SearchAction","target":{"@type":"EntryPoint","urlTemplate":"https:\/\/modnystylista.com\/?s={search_term_string}"},"query-input":{"@type":"PropertyValueSpecification","valueRequired":true,"valueName":"search_term_string"}}],"inLanguage":"en-US"}]},"product_price_amount":"76.00","product_price_currency":"PLN","og_availability":"instock","product_availability":"instock","product_retailer_item_id":"MS0052","product_condition":"new"},"_links":{"self":[{"href":"https:\/\/modnystylista.com\/en\/wp-json\/wp\/v2\/pages\/14590","targetHints":{"allow":["GET"]}}],"collection":[{"href":"https:\/\/modnystylista.com\/en\/wp-json\/wp\/v2\/pages"}],"about":[{"href":"https:\/\/modnystylista.com\/en\/wp-json\/wp\/v2\/types\/page"}],"author":[{"embeddable":true,"href":"https:\/\/modnystylista.com\/en\/wp-json\/wp\/v2\/users\/1"}],"replies":[{"embeddable":true,"href":"https:\/\/modnystylista.com\/en\/wp-json\/wp\/v2\/comments?post=14590"}],"version-history":[{"count":4,"href":"https:\/\/modnystylista.com\/en\/wp-json\/wp\/v2\/pages\/14590\/revisions"}],"predecessor-version":[{"id":14600,"href":"https:\/\/modnystylista.com\/en\/wp-json\/wp\/v2\/pages\/14590\/revisions\/14600"}],"wp:attachment":[{"href":"https:\/\/modnystylista.com\/en\/wp-json\/wp\/v2\/media?parent=14590"}],"curies":[{"name":"wp","href":"https:\/\/api.w.org\/{rel}","templated":true}]}}